{"id":2,"date":"2013-01-27T15:45:33","date_gmt":"2013-01-27T13:45:33","guid":{"rendered":"http:\/\/www.galerieweisserelefant.de\/?page_id=2"},"modified":"2024-01-04T16:25:56","modified_gmt":"2024-01-04T14:25:56","slug":"beispiel-seite","status":"publish","type":"page","link":"https:\/\/archiv.galerieweisserelefant.de\/?page_id=2","title":{"rendered":"Kontakt"},"content":{"rendered":"<p class=\"has-text-align-left\"><span style=\"font-size: 10pt;\"> Bezirksamt Mitte von Berlin <\/span><br \/> <span style=\"font-size: 10pt;\">Fachbereich Kunst &amp; Kultur &amp; Geschichte<\/span><br \/> <span style=\"font-size: 10pt;\">galerie weisser elefant<\/span><br \/> <span style=\"font-size: 10pt;\">Auguststra\u00dfe 21 | 10117 Berlin<\/span><\/p>\n<figure class=\"wp-block-image\"><a href=\"https:\/\/archiv.galerieweisserelefant.de\/wp-content\/uploads\/2013\/10\/Rasender_Stillstand_Mariana_Vassileva.jpg\"><img loading=\"lazy\" decoding=\"async\" width=\"300\" height=\"191\" src=\"https:\/\/archiv.galerieweisserelefant.de\/wp-content\/uploads\/2013\/10\/Rasender_Stillstand_Mariana_Vassileva-300x191.jpg\" alt=\"\" class=\"wp-image-174\" srcset=\"https:\/\/archiv.galerieweisserelefant.de\/wp-content\/uploads\/2013\/10\/Rasender_Stillstand_Mariana_Vassileva-300x191.jpg 300w, https:\/\/archiv.galerieweisserelefant.de\/wp-content\/uploads\/2013\/10\/Rasender_Stillstand_Mariana_Vassileva-1024x653.jpg 1024w, https:\/\/archiv.galerieweisserelefant.de\/wp-content\/uploads\/2013\/10\/Rasender_Stillstand_Mariana_Vassileva-624x398.jpg 624w, https:\/\/archiv.galerieweisserelefant.de\/wp-content\/uploads\/2013\/10\/Rasender_Stillstand_Mariana_Vassileva.jpg 1280w\" sizes=\"auto, (max-width: 300px) 100vw, 300px\" \/><\/a><\/figure>\n<p class=\"has-text-align-left\"><span style=\"font-size: 10pt;\"><\/p>\n<p><strong>E-Mail<\/strong>: <a href=\"mailto:mail@galerieweisserelefant.de\">mail@galerieweisserelefant.de<\/a> <\/p>\n<p><strong>Tel.<\/strong>: +49 30 28884455<\/p>\n<p><strong>Katrin Winkler<br \/><\/strong>Infrastruktur und Ausstellungsmanagement<br \/>(030) 2888 4454<br \/><a href=\"javascript:;\">katrin.winkler@ba-mitte.berlin.de<\/a><\/p>\n<p><strong>Annika Reketat<\/strong><strong><br \/><\/strong>(030) 2888 4455<br \/><a href=\"javascript:;\">annika.reketat@ba-mitte.berlin.de<\/a><\/p>\n<p><span style=\"font-size: 10pt;\">Melden Sie sich hier f\u00fcr unseren <\/span><span style=\"font-size: 10pt;\"><a href=\"https:\/\/dashboard.mailerlite.com\/forms\/289346\/84082371139208566\/share\" target=\"_blank\" rel=\"noopener\">Newsletter<\/a> an oder folgen sie uns <\/span><br \/>\n<span style=\"font-size: 10pt;\">auf <a href=\"https:\/\/www.facebook.com\/Galerie-Weisser-Elefant-364672546915790\/\">facebook<\/a> <\/span><span style=\"font-size: 10pt;\">und <a href=\"https:\/\/www.instagram.com\/galerieweisserelefant\/\">instagram<\/a> <\/span><\/p>\n<p><span style=\"font-size: 10pt;\">F\u00fchrungen jederzeit m\u00f6glich<\/span><br \/>\n<span style=\"font-size: 10pt;\">nach <a href=\"mailto:mail@galerieweisserelefant.de\">Anmeldung<\/a> und spontan<\/span><\/p>\n<h2 class=\"wp-block-heading\">\u00d6ffnungszeiten<\/h2>\n<p>Dienstag bis Sonntag: 11 \u2013 19 Uhr<\/p>\n<h2 class=\"wp-block-heading\">Anfahrt<\/h2>\n<p><span style=\"font-size: 10pt;\">U-, S- und Stra\u00dfenbahn-Haltestellen&nbsp;in der N\u00e4he:<br \/>\nAlexanderplatz, Hackescher Markt, Oranienburger Stra\u00dfe<br \/>\nRosenthaler Platz, Torstra\u00dfe, Weinmeisterstra\u00dfe<\/span><\/p>\n","protected":false},"excerpt":{"rendered":"<p>Bezirksamt Mitte von Berlin Fachbereich Kunst &amp; Kultur &amp; Geschichte galerie weisser elefant Auguststra\u00dfe 21 | 10117 Berlin E-Mail: mail@galerieweisserelefant.de Tel.: +49 30 28884455 Katrin WinklerInfrastruktur und Ausstellungsmanagement(030) 2888 4454katrin.winkler@ba-mitte.berlin.de Annika Reketat(030) 2888 4455annika.reketat@ba-mitte.berlin.de Melden Sie sich hier f\u00fcr unseren Newsletter an oder folgen sie uns auf facebook und instagram F\u00fchrungen jederzeit m\u00f6glich nach Anmeldung [&hellip;]<\/p>\n","protected":false},"author":3,"featured_media":0,"parent":0,"menu_order":0,"comment_status":"closed","ping_status":"closed","template":"page-templates\/full-width.php","meta":{"footnotes":""},"class_list":["post-2","page","type-page","status-publish","hentry"],"_links":{"self":[{"href":"https:\/\/archiv.galerieweisserelefant.de\/index.php?rest_route=\/wp\/v2\/pages\/2","targetHints":{"allow":["GET"]}}],"collection":[{"href":"https:\/\/archiv.galerieweisserelefant.de\/index.php?rest_route=\/wp\/v2\/pages"}],"about":[{"href":"https:\/\/archiv.galerieweisserelefant.de\/index.php?rest_route=\/wp\/v2\/types\/page"}],"author":[{"embeddable":true,"href":"https:\/\/archiv.galerieweisserelefant.de\/index.php?rest_route=\/wp\/v2\/users\/3"}],"replies":[{"embeddable":true,"href":"https:\/\/archiv.galerieweisserelefant.de\/index.php?rest_route=%2Fwp%2Fv2%2Fcomments&post=2"}],"version-history":[{"count":114,"href":"https:\/\/archiv.galerieweisserelefant.de\/index.php?rest_route=\/wp\/v2\/pages\/2\/revisions"}],"predecessor-version":[{"id":3712,"href":"https:\/\/archiv.galerieweisserelefant.de\/index.php?rest_route=\/wp\/v2\/pages\/2\/revisions\/3712"}],"wp:attachment":[{"href":"https:\/\/archiv.galerieweisserelefant.de\/index.php?rest_route=%2Fwp%2Fv2%2Fmedia&parent=2"}],"curies":[{"name":"wp","href":"https:\/\/api.w.org\/{rel}","templated":true}]}}