{"id":2489,"date":"2020-06-28T19:21:14","date_gmt":"2020-06-28T17:21:14","guid":{"rendered":"http:\/\/www.galerieweisserelefant.de\/?page_id=2489"},"modified":"2020-08-18T13:27:32","modified_gmt":"2020-08-18T11:27:32","slug":"worldswithinworlds-2-3-3","status":"publish","type":"page","link":"https:\/\/archiv.galerieweisserelefant.de\/?page_id=2489","title":{"rendered":"Herein Ins Offene"},"content":{"rendered":"<p><span style=\"font-size: 12pt;\">ENIK\u00d6 M\u00c1RTON<\/span><\/p>\n<p><span style=\"font-size: 12pt;\"><strong>Ge\u00f6ffnet ab, Samstag, 4.7.2020 um 13 &#8211; 19 Uhr<br \/>\nEs findet keine Vernissage statt.<br \/>\nBitte denken Sie an Ihren Mundschutz.<br \/>\n<\/strong><\/span><\/p>\n<p><span style=\"font-size: 12pt;\">Ausstellung: 4.7. \u2013 7.8.2020<\/span><\/p>\n<p><div id=\"envira-gallery-wrap-2487\" class=\"envira-gallery-wrap envira-gallery-theme-base envira-lightbox-theme-base\" itemscope itemtype=\"https:\/\/schema.org\/ImageGallery\"><div data-row-height=\"550\" data-gallery-theme=\"normal\" id=\"envira-gallery-2487\" class=\"envira-gallery-public envira-gallery-justified-public envira-gallery-0-columns envira-clear enviratope envira-gallery-css-animations\" data-envira-columns=\"0\"><div id=\"envira-gallery-item-2515\" class=\"envira-gallery-item enviratope-item envira-gallery-item-1 envira-lazy-load\" style=\"padding-left: 5px; padding-bottom: 10px; padding-right: 5px;\"  itemscope itemtype=\"https:\/\/schema.org\/ImageObject\"><div class=\"envira-gallery-item-inner\"><div class=\"envira-gallery-position-overlay  envira-gallery-top-left\"><\/div><div class=\"envira-gallery-position-overlay  envira-gallery-top-right\"><\/div><div class=\"envira-gallery-position-overlay  envira-gallery-bottom-left\"><\/div><div class=\"envira-gallery-position-overlay  envira-gallery-bottom-right\"><\/div><a href=\"https:\/\/archiv.galerieweisserelefant.de\/wp-content\/uploads\/2020\/06\/Enik\u00f6-2.jpg\" class=\"envira-gallery-2487 envira-gallery-link\" rel=\"enviragallery2487\" title=\"Enik&ouml; M&aacute;rton | Herein Ins Offene\" data-envira-caption=\"Enik&ouml; M&aacute;rton | Herein Ins Offene\" data-envira-retina=\"\" data-thumbnail=\"\"  itemprop=\"contentUrl\"><img decoding=\"async\" id=\"envira-gallery-image-2515\" class=\"envira-gallery-image envira-gallery-image-1 envira-normal envira-lazy\" data-envira-index=\"1\" src=\"https:\/\/archiv.galerieweisserelefant.de\/wp-content\/uploads\/2020\/06\/Enik\u00f6-2-1024x849-640x480.jpg\" data-envira-src=\"https:\/\/archiv.galerieweisserelefant.de\/wp-content\/uploads\/2020\/06\/Enik\u00f6-2-1024x849-640x480.jpg\" data-envira-gallery-id=\"2487\" data-envira-item-id=\"2515\" data-envira-caption=\"Enik&ouml; M&aacute;rton | Herein Ins Offene\" alt=\"\" title=\"Enik\u00f6 M\u00e1rton | Herein Ins Offene\"  itemprop=\"thumbnailUrl\" data-envira-srcset=\"https:\/\/archiv.galerieweisserelefant.de\/wp-content\/uploads\/2020\/06\/Enik\u00f6-2-1024x849-640x480.jpg 400w,https:\/\/archiv.galerieweisserelefant.de\/wp-content\/uploads\/2020\/06\/Enik\u00f6-2-1024x849-640x480.jpg 2x\" data-envira-width=\"300\" data-envira-height=\"249\" srcset=\"data:image\/gif;base64,R0lGODlhAQABAIAAAP\/\/\/\/\/\/\/yH5BAEKAAEALAAAAAABAAEAAAICTAEAOw==\" data-safe-src=\"data:image\/gif;base64,R0lGODlhAQABAIAAAP\/\/\/\/\/\/\/yH5BAEKAAEALAAAAAABAAEAAAICTAEAOw==\" \/><\/a><\/div><\/div><div id=\"envira-gallery-item-2516\" class=\"envira-gallery-item enviratope-item envira-gallery-item-2 envira-lazy-load\" style=\"padding-left: 5px; padding-bottom: 10px; padding-right: 5px;\"  itemscope itemtype=\"https:\/\/schema.org\/ImageObject\"><div class=\"envira-gallery-item-inner\"><div class=\"envira-gallery-position-overlay  envira-gallery-top-left\"><\/div><div class=\"envira-gallery-position-overlay  envira-gallery-top-right\"><\/div><div class=\"envira-gallery-position-overlay  envira-gallery-bottom-left\"><\/div><div class=\"envira-gallery-position-overlay  envira-gallery-bottom-right\"><\/div><a href=\"https:\/\/archiv.galerieweisserelefant.de\/wp-content\/uploads\/2020\/06\/Enik\u00f6-3.jpg\" class=\"envira-gallery-2487 envira-gallery-link\" rel=\"enviragallery2487\" title=\"Enik&ouml; M&aacute;rton | Herein Ins Offene\" data-envira-caption=\"Enik&ouml; M&aacute;rton | Herein Ins Offene\" data-envira-retina=\"\" data-thumbnail=\"\"  itemprop=\"contentUrl\"><img decoding=\"async\" id=\"envira-gallery-image-2516\" class=\"envira-gallery-image envira-gallery-image-2 envira-normal envira-lazy\" data-envira-index=\"2\" src=\"https:\/\/archiv.galerieweisserelefant.de\/wp-content\/uploads\/2020\/06\/Enik\u00f6-3-1024x768-640x480.jpg\" data-envira-src=\"https:\/\/archiv.galerieweisserelefant.de\/wp-content\/uploads\/2020\/06\/Enik\u00f6-3-1024x768-640x480.jpg\" data-envira-gallery-id=\"2487\" data-envira-item-id=\"2516\" data-envira-caption=\"Enik&ouml; M&aacute;rton | Herein Ins Offene\" alt=\"\" title=\"Enik\u00f6 M\u00e1rton | Herein Ins Offene\"  itemprop=\"thumbnailUrl\" data-envira-srcset=\"https:\/\/archiv.galerieweisserelefant.de\/wp-content\/uploads\/2020\/06\/Enik\u00f6-3-1024x768-640x480.jpg 400w,https:\/\/archiv.galerieweisserelefant.de\/wp-content\/uploads\/2020\/06\/Enik\u00f6-3-1024x768-640x480.jpg 2x\" data-envira-width=\"300\" data-envira-height=\"225\" srcset=\"data:image\/gif;base64,R0lGODlhAQABAIAAAP\/\/\/\/\/\/\/yH5BAEKAAEALAAAAAABAAEAAAICTAEAOw==\" data-safe-src=\"data:image\/gif;base64,R0lGODlhAQABAIAAAP\/\/\/\/\/\/\/yH5BAEKAAEALAAAAAABAAEAAAICTAEAOw==\" \/><\/a><\/div><\/div><\/div><\/div><noscript><img decoding=\"async\" src=\"https:\/\/archiv.galerieweisserelefant.de\/wp-content\/uploads\/2020\/06\/Enik\u00f6-2.jpg\" alt=\"\" \/><img decoding=\"async\" src=\"https:\/\/archiv.galerieweisserelefant.de\/wp-content\/uploads\/2020\/06\/Enik\u00f6-3.jpg\" alt=\"\" \/><\/noscript><\/p>\n<p>&nbsp;<\/p>\n<p><span style=\"font-size: 14pt;\"><strong>HEREIN INS OFFENE<br \/>\n<\/strong><\/span><\/p>\n<p style=\"text-align: left;\">de\/<br \/>\nDie Windrose<\/p>\n<p style=\"text-align: left;\">Die in Ungarn geborene K\u00fcnstlerin <a href=\"http:\/\/www.enikomarton.com\/\" target=\"_blank\" rel=\"noopener\">Enik\u0151 M\u00e1rton<\/a> scheint durch Farblehren definierten Spektren \u00fcberwinden zu wollen. Jeder Normierung stellt sie eine phantastische Welt von Beugungen und Brechungen entgegen. Doch sind es keine Farb-Explosionen, die dabei entstehen, sondern genau kalkulierte und r\u00e4umlich strukturierte, zwischen Harmonie und Dissonanz gespannte Projektionen der eignen inneren Ahnungen und Hoffnungen, niemals zu trennen von der Erfahrung des ganz Unmittelbaren.<\/p>\n<p style=\"text-align: left;\">Es geht ihr um die Darstellung von Gef\u00fchlen, die sich ihr selbst im Prozess des Malens direkt als offen und wandelbar darstellen. Sie erkennt im eigenen Bild widerstreitende Momente, die erst bewusst werden, weil sie sich selbst offenbaren. Das reicht bis zu dem Empfinden, dass die Arbeiten im Entstehen ein Interesse bekunden, sich ihr zu erkl\u00e4ren.<\/p>\n<p style=\"text-align: left;\">Solche Bilder, in denen wir eigene Konflikte erkennen und \u2013 von daher \u2013 sogar l\u00f6sen k\u00f6nnen, l\u00e4sst sie wie ein Raum erscheinen, in dem man sich trifft und findet. Diese vielleicht k\u00fchn erscheinende Herleitung wird verst\u00e4ndlicher im warmherzigen Umgang der K\u00fcnstlerin, denn diese spricht nicht nur davon, dass man heute mehr als je Heimat braucht und sucht, sondern scheint auch immer in ihrer Umgebung eine besondere Atmosph\u00e4re der Geborgenheit zu schaffen, mit sich selbst als Windrose, die Farben zu D\u00fcften faltet.<\/p>\n<p>Ralf Bartholom\u00e4us<\/p>\n<p>&nbsp;<\/p>\n<p>en\/<br \/>\nTHE WIND ROSE<\/p>\n<div>\n<p style=\"text-align: left;\">The artist Enik\u0151 M\u00e1rton, born in Hungary, seems to want to overcome spectra defined by colour theory. Each standardization opposes a fantastic world of diffraction and refraction. However, it is not explosions of colour that arise from her paintings |objects, but precisely calculated and spatially structured projections of one\u2018s own inner intuition and hope. Torn between harmony and dissonance, they resist separation from the experience of the very direct.<\/p>\n<p>Enik\u0151 is concerned with the representation of emotions that directly emerge as open and changeable in the process of painting. She recognizes conflicting moments that only become conscious because they reveal themselves through her own process.<\/p>\n<p>This extends to the feeling that the works show an interest in revealing themselves to her in the process of being created. Such images, in which we can recognize our own conflicts and, from there, even solve them, result in the creation of a space where you meet and find each other. This becomes more understandable in the warm-hearted manner of the artist who directly addresses the fact that today more than ever one needs and seeks home, and she always seems to create a special atmosphere of security in her surroundings, with herself as a wind rose that folds colours into scents.<\/p>\n<p>Ralf Bartholom\u00e4us<\/p>\n<\/div>\n<p>&nbsp;<\/p>\n<p>Mit Unterst\u00fctzung durch Ausstellungsfonds f\u00fcr kommunale Galerien der Senatsverwaltung f\u00fcr Kultur und Europa.<\/p>\n<ul id=\"iw-contextMenu3791\" class=\"iw-contextMenu iw-created iw-cm-menu\"><\/ul>\n","protected":false},"excerpt":{"rendered":"<p>ENIK\u00d6 M\u00c1RTON Ge\u00f6ffnet ab, Samstag, 4.7.2020 um 13 &#8211; 19 Uhr Es findet keine Vernissage statt. Bitte denken Sie an Ihren Mundschutz. Ausstellung: 4.7. \u2013 7.8.2020 &nbsp; HEREIN INS OFFENE de\/ Die Windrose Die in Ungarn geborene K\u00fcnstlerin Enik\u0151 M\u00e1rton scheint durch Farblehren definierten Spektren \u00fcberwinden zu wollen. Jeder Normierung stellt sie eine phantastische Welt [&hellip;]<\/p>\n","protected":false},"author":3,"featured_media":0,"parent":213,"menu_order":1,"comment_status":"closed","ping_status":"closed","template":"","meta":{"footnotes":""},"class_list":["post-2489","page","type-page","status-publish","hentry"],"_links":{"self":[{"href":"https:\/\/archiv.galerieweisserelefant.de\/index.php?rest_route=\/wp\/v2\/pages\/2489","targetHints":{"allow":["GET"]}}],"collection":[{"href":"https:\/\/archiv.galerieweisserelefant.de\/index.php?rest_route=\/wp\/v2\/pages"}],"about":[{"href":"https:\/\/archiv.galerieweisserelefant.de\/index.php?rest_route=\/wp\/v2\/types\/page"}],"author":[{"embeddable":true,"href":"https:\/\/archiv.galerieweisserelefant.de\/index.php?rest_route=\/wp\/v2\/users\/3"}],"replies":[{"embeddable":true,"href":"https:\/\/archiv.galerieweisserelefant.de\/index.php?rest_route=%2Fwp%2Fv2%2Fcomments&post=2489"}],"version-history":[{"count":11,"href":"https:\/\/archiv.galerieweisserelefant.de\/index.php?rest_route=\/wp\/v2\/pages\/2489\/revisions"}],"predecessor-version":[{"id":2567,"href":"https:\/\/archiv.galerieweisserelefant.de\/index.php?rest_route=\/wp\/v2\/pages\/2489\/revisions\/2567"}],"up":[{"embeddable":true,"href":"https:\/\/archiv.galerieweisserelefant.de\/index.php?rest_route=\/wp\/v2\/pages\/213"}],"wp:attachment":[{"href":"https:\/\/archiv.galerieweisserelefant.de\/index.php?rest_route=%2Fwp%2Fv2%2Fmedia&parent=2489"}],"curies":[{"name":"wp","href":"https:\/\/api.w.org\/{rel}","templated":true}]}}