{"id":986,"date":"2016-06-01T10:14:39","date_gmt":"2016-06-01T08:14:39","guid":{"rendered":"http:\/\/www.galerieweisserelefant.de\/?page_id=986"},"modified":"2023-09-26T16:11:28","modified_gmt":"2023-09-26T14:11:28","slug":"vorschau-2","status":"publish","type":"page","link":"https:\/\/archiv.galerieweisserelefant.de\/?page_id=986","title":{"rendered":""},"content":{"rendered":"<table style=\"border-collapse: collapse; width: 101.44%; height: 34px;\" border=\"1\">\n<tbody>\n<tr style=\"height: 24px;\">\n<td style=\"width: 36.1405%; height: 24px;\"><strong><span style=\"font-size: 20pt;\">\u00a02023<\/span><\/strong><\/td>\n<td style=\"width: 63.8596%; height: 24px;\">UPCOMING<\/td>\n<\/tr>\n<tr style=\"height: 24px;\">\n<td style=\"width: 36.1405%; height: 10px;\">30.09. &#8211; 26.11.2023<\/p>\n<p>Er\u00f6ffnung am Fr.<br \/>\n29.09.2023, 18:00 &#8211; 22:00 Uhr<\/td>\n<td style=\"width: 63.8596%; height: 10px;\"><strong style=\"color: #000000; font-size: Revert; font-family: inherit;\">Goldrausch 2023 &#8211; on the edge of<\/strong><\/p>\n<p>Teilnehmende K\u00fcnstlerinnen:<\/p>\n<p>Anja Dornieden, Viviana Druga, Ximena Ferrer Pizarro, Janne H\u00f6ltermann, Tiziana Kr\u00fcger, Daniela Medina Poch, Lillian Morrissey, Shira Orion, Amelie Pl\u00fcmpe, Wagehe Raufi, Marie Rief, Hara Shin, Bea Targosz, Emma Wilson, Silja Yvette<\/p>\n<p>Mehr Infos: <a href=\"http:\/\/www.goldrausch.org\/\">www.goldrausch.org<\/a><\/p>\n<p>Kontakt: <a href=\"mailto:office@goldrausch.org\">office@goldrausch.org<\/a><\/td>\n<\/tr>\n<\/tbody>\n<\/table>\n","protected":false},"excerpt":{"rendered":"<p>\u00a02023 UPCOMING 30.09. &#8211; 26.11.2023 Er\u00f6ffnung am Fr. 29.09.2023, 18:00 &#8211; 22:00 Uhr Goldrausch 2023 &#8211; on the edge of Teilnehmende K\u00fcnstlerinnen: Anja Dornieden, Viviana Druga, Ximena Ferrer Pizarro, Janne H\u00f6ltermann, Tiziana Kr\u00fcger, Daniela Medina Poch, Lillian Morrissey, Shira Orion, Amelie Pl\u00fcmpe, Wagehe Raufi, Marie Rief, Hara Shin, Bea Targosz, Emma Wilson, Silja Yvette Mehr [&hellip;]<\/p>\n","protected":false},"author":3,"featured_media":0,"parent":0,"menu_order":0,"comment_status":"closed","ping_status":"closed","template":"","meta":{"footnotes":""},"class_list":["post-986","page","type-page","status-publish","hentry"],"_links":{"self":[{"href":"https:\/\/archiv.galerieweisserelefant.de\/index.php?rest_route=\/wp\/v2\/pages\/986","targetHints":{"allow":["GET"]}}],"collection":[{"href":"https:\/\/archiv.galerieweisserelefant.de\/index.php?rest_route=\/wp\/v2\/pages"}],"about":[{"href":"https:\/\/archiv.galerieweisserelefant.de\/index.php?rest_route=\/wp\/v2\/types\/page"}],"author":[{"embeddable":true,"href":"https:\/\/archiv.galerieweisserelefant.de\/index.php?rest_route=\/wp\/v2\/users\/3"}],"replies":[{"embeddable":true,"href":"https:\/\/archiv.galerieweisserelefant.de\/index.php?rest_route=%2Fwp%2Fv2%2Fcomments&post=986"}],"version-history":[{"count":135,"href":"https:\/\/archiv.galerieweisserelefant.de\/index.php?rest_route=\/wp\/v2\/pages\/986\/revisions"}],"predecessor-version":[{"id":3672,"href":"https:\/\/archiv.galerieweisserelefant.de\/index.php?rest_route=\/wp\/v2\/pages\/986\/revisions\/3672"}],"wp:attachment":[{"href":"https:\/\/archiv.galerieweisserelefant.de\/index.php?rest_route=%2Fwp%2Fv2%2Fmedia&parent=986"}],"curies":[{"name":"wp","href":"https:\/\/api.w.org\/{rel}","templated":true}]}}